{"id":12,"date":"2025-10-01T14:17:56","date_gmt":"2025-10-01T14:17:56","guid":{"rendered":"https:\/\/thecrowsnest.chabanonnorman.fr\/?page_id=12"},"modified":"2026-01-05T00:11:46","modified_gmt":"2026-01-05T00:11:46","slug":"histoires","status":"publish","type":"page","link":"https:\/\/thecrowsnest.chabanonnorman.fr\/?page_id=12","title":{"rendered":"A Propos"},"content":{"rendered":"\t\t<div data-elementor-type=\"wp-page\" data-elementor-id=\"12\" class=\"elementor elementor-12\">\n\t\t\t\t<section class=\"elementor-element elementor-element-002b81c e-flex e-con-boxed wpr-particle-no wpr-jarallax-no wpr-parallax-no wpr-sticky-section-no e-con e-parent\" data-id=\"002b81c\" data-element_type=\"container\" data-settings=\"{&quot;background_background&quot;:&quot;classic&quot;}\">\n\t\t\t\t\t<div class=\"e-con-inner\">\n\t\t\t\t<div class=\"elementor-element elementor-element-6c007e6 elementor-widget elementor-widget-spacer\" data-id=\"6c007e6\" data-element_type=\"widget\" data-widget_type=\"spacer.default\">\n\t\t\t\t\t\t\t<div class=\"elementor-spacer\">\n\t\t\t<div class=\"elementor-spacer-inner\"><\/div>\n\t\t<\/div>\n\t\t\t\t\t\t<\/div>\n\t\t\t\t\t<\/div>\n\t\t\t\t<\/section>\n\t\t<section class=\"elementor-element elementor-element-a143c6b e-flex e-con-boxed wpr-particle-no wpr-jarallax-no wpr-parallax-no wpr-sticky-section-no e-con e-parent\" data-id=\"a143c6b\" data-element_type=\"container\" data-settings=\"{&quot;background_background&quot;:&quot;classic&quot;}\">\n\t\t\t\t\t<div class=\"e-con-inner\">\n\t\t\t\t<div class=\"elementor-element elementor-element-61bff85 elementor-widget elementor-widget-heading\" data-id=\"61bff85\" data-element_type=\"widget\" data-widget_type=\"heading.default\">\n\t\t\t\t\t<h3 class=\"elementor-heading-title elementor-size-default\">The Crow's Nest<\/h3>\t\t\t\t<\/div>\n\t\t<div class=\"elementor-element elementor-element-cc79538 e-con-full e-flex wpr-particle-no wpr-jarallax-no wpr-parallax-no wpr-sticky-section-no e-con e-child\" data-id=\"cc79538\" data-element_type=\"container\">\n\t\t\t\t<div class=\"elementor-element elementor-element-4d57aba elementor-widget__width-initial elementor-widget-tablet__width-initial elementor-widget elementor-widget-image\" data-id=\"4d57aba\" data-element_type=\"widget\" data-widget_type=\"image.default\">\n\t\t\t\t\t\t\t\t\t\t\t\t\t\t\t<img fetchpriority=\"high\" decoding=\"async\" width=\"211\" height=\"300\" src=\"https:\/\/thecrowsnest.chabanonnorman.fr\/wp-content\/uploads\/2026\/01\/MascotteCrowetta-211x300.jpg\" class=\"attachment-medium size-medium wp-image-541\" alt=\"\" srcset=\"https:\/\/thecrowsnest.chabanonnorman.fr\/wp-content\/uploads\/2026\/01\/MascotteCrowetta-211x300.jpg 211w, https:\/\/thecrowsnest.chabanonnorman.fr\/wp-content\/uploads\/2026\/01\/MascotteCrowetta.jpg 655w\" sizes=\"(max-width: 211px) 100vw, 211px\" \/>\t\t\t\t\t\t\t\t\t\t\t\t\t\t\t<\/div>\n\t\t\t\t<div class=\"elementor-element elementor-element-97507a5 elementor-widget__width-initial elementor-widget elementor-widget-text-editor\" data-id=\"97507a5\" data-element_type=\"widget\" data-widget_type=\"text-editor.default\">\n\t\t\t\t\t\t\t\t\t<div>\u00a0<\/div><p>The Crow\u2019s Nest est une collection de Webcomics assez courts illustrant des histoires chacune diff\u00e9rente mais tournant toutes autour du m\u00eame th\u00e8me du myst\u00e8re avec une touche d\u2019horreur.<\/p><p>Toutes les histoires sont des m\u00e9langes de plusieurs id\u00e9es que j\u2019ai eues au cours du temps.<\/p><p>Pour l\u2019instant un seul Webcomic est disponible mais attendez-vous \u00e0 plus. Le plan est d\u2019en avoir au moins 5 pour, dans le futur, avoir le volume 1 qui regroupera les 5 histoires.<\/p>\t\t\t\t\t\t\t\t<\/div>\n\t\t\t\t<\/div>\n\t\t\t\t\t<\/div>\n\t\t\t\t<\/section>\n\t\t<section class=\"elementor-element elementor-element-db4592c e-flex e-con-boxed wpr-particle-no wpr-jarallax-no wpr-parallax-no wpr-sticky-section-no e-con e-parent\" data-id=\"db4592c\" data-element_type=\"container\" data-settings=\"{&quot;background_background&quot;:&quot;classic&quot;}\">\n\t\t\t\t\t<div class=\"e-con-inner\">\n\t\t\t\t<div class=\"elementor-element elementor-element-f072ec0 elementor-widget elementor-widget-spacer\" data-id=\"f072ec0\" data-element_type=\"widget\" data-widget_type=\"spacer.default\">\n\t\t\t\t\t\t\t<div class=\"elementor-spacer\">\n\t\t\t<div class=\"elementor-spacer-inner\"><\/div>\n\t\t<\/div>\n\t\t\t\t\t\t<\/div>\n\t\t\t\t\t<\/div>\n\t\t\t\t<\/section>\n\t\t<section class=\"elementor-element elementor-element-29254c4 e-flex e-con-boxed wpr-particle-no wpr-jarallax-no wpr-parallax-no wpr-sticky-section-no e-con e-parent\" data-id=\"29254c4\" data-element_type=\"container\" data-settings=\"{&quot;background_background&quot;:&quot;classic&quot;}\">\n\t\t\t\t\t<div class=\"e-con-inner\">\n\t\t<div class=\"elementor-element elementor-element-0a21b68 e-con-full elementor-hidden-tablet elementor-hidden-mobile e-flex wpr-particle-no wpr-jarallax-no wpr-parallax-no wpr-sticky-section-no e-con e-child\" data-id=\"0a21b68\" data-element_type=\"container\" data-settings=\"{&quot;background_background&quot;:&quot;classic&quot;}\">\n\t\t\t\t<\/div>\n\t\t<div class=\"elementor-element elementor-element-ef7ff7e e-con-full e-flex wpr-particle-no wpr-jarallax-no wpr-parallax-no wpr-sticky-section-no e-con e-child\" data-id=\"ef7ff7e\" data-element_type=\"container\">\n\t\t\t\t<div class=\"elementor-element elementor-element-f930448 elementor-widget elementor-widget-heading\" data-id=\"f930448\" data-element_type=\"widget\" data-widget_type=\"heading.default\">\n\t\t\t\t\t<h2 class=\"elementor-heading-title elementor-size-default\">-L\u2019Auteur-<\/h2>\t\t\t\t<\/div>\n\t\t<div class=\"elementor-element elementor-element-673873b e-con-full elementor-hidden-desktop e-flex wpr-particle-no wpr-jarallax-no wpr-parallax-no wpr-sticky-section-no e-con e-child\" data-id=\"673873b\" data-element_type=\"container\" data-settings=\"{&quot;background_background&quot;:&quot;classic&quot;}\">\n\t\t\t\t<\/div>\n\t\t\t\t<div class=\"elementor-element elementor-element-7392287 elementor-widget elementor-widget-text-editor\" data-id=\"7392287\" data-element_type=\"widget\" data-widget_type=\"text-editor.default\">\n\t\t\t\t\t\t\t\t\t<p>TextTextTextTextTextText TextTextTextTextTextTextText TextTextTextTextText TextTextTextText TextTextText TextTextTextTextTextText TextTextTextTextTextText TextTextText TextText Text<\/p>\t\t\t\t\t\t\t\t<\/div>\n\t\t\t\t<div class=\"elementor-element elementor-element-37f7955 elementor-widget elementor-widget-text-editor\" data-id=\"37f7955\" data-element_type=\"widget\" data-widget_type=\"text-editor.default\">\n\t\t\t\t\t\t\t\t\t<p>Instagram | Portfolio<\/p>\t\t\t\t\t\t\t\t<\/div>\n\t\t\t\t<\/div>\n\t\t\t\t\t<\/div>\n\t\t\t\t<\/section>\n\t\t<div class=\"elementor-element elementor-element-d005cf2 e-flex e-con-boxed wpr-particle-no wpr-jarallax-no wpr-parallax-no wpr-sticky-section-no e-con e-parent\" data-id=\"d005cf2\" data-element_type=\"container\" data-settings=\"{&quot;background_background&quot;:&quot;classic&quot;}\">\n\t\t\t\t\t<div class=\"e-con-inner\">\n\t\t\t\t<div class=\"elementor-element elementor-element-daaf739 elementor-widget elementor-widget-spacer\" data-id=\"daaf739\" data-element_type=\"widget\" data-widget_type=\"spacer.default\">\n\t\t\t\t\t\t\t<div class=\"elementor-spacer\">\n\t\t\t<div class=\"elementor-spacer-inner\"><\/div>\n\t\t<\/div>\n\t\t\t\t\t\t<\/div>\n\t\t\t\t\t<\/div>\n\t\t\t\t<\/div>\n\t\t\t\t<\/div>\n\t\t","protected":false},"excerpt":{"rendered":"<p>The Crow&#8217;s Nest \u00a0 The Crow\u2019s Nest est une collection de Webcomics assez courts illustrant des histoires chacune diff\u00e9rente mais tournant toutes autour du m\u00eame th\u00e8me du myst\u00e8re avec une touche d\u2019horreur. Toutes les histoires sont des m\u00e9langes de plusieurs<\/p>\n<div class=\"pvc_clear\"><\/div>\n<p id=\"pvc_stats_12\" class=\"pvc_stats all  \" data-element-id=\"12\" style=\"\"><i class=\"pvc-stats-icon medium\" aria-hidden=\"true\"><svg xmlns=\"http:\/\/www.w3.org\/2000\/svg\" version=\"1.0\" viewBox=\"0 0 502 315\" preserveAspectRatio=\"xMidYMid meet\"><g transform=\"translate(0,332) scale(0.1,-0.1)\" fill=\"\" stroke=\"none\"><path d=\"M2394 3279 l-29 -30 -3 -207 c-2 -182 0 -211 15 -242 39 -76 157 -76 196 0 15 31 17 60 15 243 l-3 209 -33 29 c-26 23 -41 29 -80 29 -41 0 -53 -5 -78 -31z\"\/><path d=\"M3085 3251 c-45 -19 -58 -50 -96 -229 -47 -217 -49 -260 -13 -295 52 -53 146 -42 177 20 16 31 87 366 87 410 0 70 -86 122 -155 94z\"\/><path d=\"M1751 3234 c-13 -9 -29 -31 -37 -50 -12 -29 -10 -49 21 -204 19 -94 39 -189 45 -210 14 -50 54 -80 110 -80 34 0 48 6 76 34 21 21 34 44 34 59 0 14 -18 113 -40 219 -37 178 -43 195 -70 221 -36 32 -101 37 -139 11z\"\/><path d=\"M1163 3073 c-36 -7 -73 -59 -73 -102 0 -56 133 -378 171 -413 34 -32 83 -37 129 -13 70 36 67 87 -16 290 -86 209 -89 214 -129 231 -35 14 -42 15 -82 7z\"\/><path d=\"M3689 3066 c-15 -9 -33 -30 -42 -48 -48 -103 -147 -355 -147 -375 0 -98 131 -148 192 -74 13 15 57 108 97 206 80 196 84 226 37 273 -30 30 -99 39 -137 18z\"\/><path d=\"M583 2784 c-38 -19 -67 -74 -58 -113 9 -42 211 -354 242 -373 16 -10 45 -18 66 -18 51 0 107 52 107 100 0 39 -1 41 -124 234 -80 126 -108 162 -133 173 -41 17 -61 16 -100 -3z\"\/><path d=\"M4250 2784 c-14 -9 -74 -91 -133 -183 -95 -150 -107 -173 -107 -213 0 -55 33 -94 87 -104 67 -13 90 8 211 198 130 202 137 225 78 284 -27 27 -42 34 -72 34 -22 0 -50 -8 -64 -16z\"\/><path d=\"M2275 2693 c-553 -48 -1095 -270 -1585 -649 -135 -104 -459 -423 -483 -476 -23 -49 -22 -139 2 -186 73 -142 361 -457 571 -626 285 -228 642 -407 990 -497 242 -63 336 -73 660 -74 310 0 370 5 595 52 535 111 1045 392 1455 803 122 121 250 273 275 326 19 41 19 137 0 174 -41 79 -309 363 -465 492 -447 370 -946 591 -1479 653 -113 14 -422 18 -536 8z m395 -428 c171 -34 330 -124 456 -258 112 -119 167 -219 211 -378 27 -96 24 -300 -5 -401 -72 -255 -236 -447 -474 -557 -132 -62 -201 -76 -368 -76 -167 0 -236 14 -368 76 -213 98 -373 271 -451 485 -162 444 86 934 547 1084 153 49 292 57 452 25z m909 -232 c222 -123 408 -262 593 -441 76 -74 138 -139 138 -144 0 -16 -233 -242 -330 -319 -155 -123 -309 -223 -461 -299 l-81 -41 32 46 c18 26 49 83 70 128 143 306 141 649 -6 957 -25 52 -61 116 -79 142 l-34 47 45 -20 c26 -10 76 -36 113 -56z m-2057 25 c-40 -58 -105 -190 -130 -263 -110 -324 -59 -707 132 -981 25 -35 42 -64 37 -64 -19 0 -241 119 -326 174 -188 122 -406 314 -532 468 l-58 71 108 103 c185 178 428 349 672 473 66 33 121 60 123 61 2 0 -10 -19 -26 -42z\"\/><path d=\"M2375 1950 c-198 -44 -350 -190 -395 -379 -18 -76 -8 -221 19 -290 114 -284 457 -406 731 -260 98 52 188 154 231 260 27 69 37 214 19 290 -38 163 -166 304 -326 360 -67 23 -215 33 -279 19z\"\/><\/g><\/svg><\/i> <img decoding=\"async\" width=\"16\" height=\"16\" alt=\"Loading\" src=\"https:\/\/thecrowsnest.chabanonnorman.fr\/wp-content\/plugins\/page-views-count\/ajax-loader-2x.gif\" border=0 \/><\/p>\n<div class=\"pvc_clear\"><\/div>\n","protected":false},"author":1,"featured_media":0,"parent":0,"menu_order":0,"comment_status":"closed","ping_status":"closed","template":"elementor_canvas","meta":{"footnotes":""},"class_list":["post-12","page","type-page","status-publish","hentry"],"yoast_head":"<!-- This site is optimized with the Yoast SEO plugin v26.0 - https:\/\/yoast.com\/wordpress\/plugins\/seo\/ -->\n<title>A Propos - WordPress<\/title>\n<meta name=\"robots\" content=\"index, follow, max-snippet:-1, max-image-preview:large, max-video-preview:-1\" \/>\n<link rel=\"canonical\" href=\"https:\/\/thecrowsnest.chabanonnorman.fr\/?page_id=12\" \/>\n<meta property=\"og:locale\" content=\"en_US\" \/>\n<meta property=\"og:type\" content=\"article\" \/>\n<meta property=\"og:title\" content=\"A Propos - WordPress\" \/>\n<meta property=\"og:description\" content=\"The Crow&#8217;s Nest \u00a0 The Crow\u2019s Nest est une collection de Webcomics assez courts illustrant des histoires chacune diff\u00e9rente mais tournant toutes autour du m\u00eame th\u00e8me du myst\u00e8re avec une touche d\u2019horreur. Toutes les histoires sont des m\u00e9langes de plusieurs\" \/>\n<meta property=\"og:url\" content=\"https:\/\/thecrowsnest.chabanonnorman.fr\/?page_id=12\" \/>\n<meta property=\"og:site_name\" content=\"WordPress\" \/>\n<meta property=\"article:modified_time\" content=\"2026-01-05T00:11:46+00:00\" \/>\n<meta property=\"og:image\" content=\"https:\/\/thecrowsnest.chabanonnorman.fr\/wp-content\/uploads\/2026\/01\/MascotteCrowetta-211x300.jpg\" \/>\n<meta name=\"twitter:card\" content=\"summary_large_image\" \/>\n<meta name=\"twitter:label1\" content=\"Est. reading time\" \/>\n\t<meta name=\"twitter:data1\" content=\"1 minute\" \/>\n<script type=\"application\/ld+json\" class=\"yoast-schema-graph\">{\"@context\":\"https:\/\/schema.org\",\"@graph\":[{\"@type\":\"WebPage\",\"@id\":\"https:\/\/thecrowsnest.chabanonnorman.fr\/?page_id=12\",\"url\":\"https:\/\/thecrowsnest.chabanonnorman.fr\/?page_id=12\",\"name\":\"A Propos - WordPress\",\"isPartOf\":{\"@id\":\"https:\/\/thecrowsnest.chabanonnorman.fr\/#website\"},\"primaryImageOfPage\":{\"@id\":\"https:\/\/thecrowsnest.chabanonnorman.fr\/?page_id=12#primaryimage\"},\"image\":{\"@id\":\"https:\/\/thecrowsnest.chabanonnorman.fr\/?page_id=12#primaryimage\"},\"thumbnailUrl\":\"https:\/\/thecrowsnest.chabanonnorman.fr\/wp-content\/uploads\/2026\/01\/MascotteCrowetta-211x300.jpg\",\"datePublished\":\"2025-10-01T14:17:56+00:00\",\"dateModified\":\"2026-01-05T00:11:46+00:00\",\"breadcrumb\":{\"@id\":\"https:\/\/thecrowsnest.chabanonnorman.fr\/?page_id=12#breadcrumb\"},\"inLanguage\":\"en-US\",\"potentialAction\":[{\"@type\":\"ReadAction\",\"target\":[\"https:\/\/thecrowsnest.chabanonnorman.fr\/?page_id=12\"]}]},{\"@type\":\"ImageObject\",\"inLanguage\":\"en-US\",\"@id\":\"https:\/\/thecrowsnest.chabanonnorman.fr\/?page_id=12#primaryimage\",\"url\":\"https:\/\/thecrowsnest.chabanonnorman.fr\/wp-content\/uploads\/2026\/01\/MascotteCrowetta.jpg\",\"contentUrl\":\"https:\/\/thecrowsnest.chabanonnorman.fr\/wp-content\/uploads\/2026\/01\/MascotteCrowetta.jpg\",\"width\":655,\"height\":932},{\"@type\":\"BreadcrumbList\",\"@id\":\"https:\/\/thecrowsnest.chabanonnorman.fr\/?page_id=12#breadcrumb\",\"itemListElement\":[{\"@type\":\"ListItem\",\"position\":1,\"name\":\"Home\",\"item\":\"https:\/\/thecrowsnest.chabanonnorman.fr\/\"},{\"@type\":\"ListItem\",\"position\":2,\"name\":\"A Propos\"}]},{\"@type\":\"WebSite\",\"@id\":\"https:\/\/thecrowsnest.chabanonnorman.fr\/#website\",\"url\":\"https:\/\/thecrowsnest.chabanonnorman.fr\/\",\"name\":\"WordPress\",\"description\":\"\",\"potentialAction\":[{\"@type\":\"SearchAction\",\"target\":{\"@type\":\"EntryPoint\",\"urlTemplate\":\"https:\/\/thecrowsnest.chabanonnorman.fr\/?s={search_term_string}\"},\"query-input\":{\"@type\":\"PropertyValueSpecification\",\"valueRequired\":true,\"valueName\":\"search_term_string\"}}],\"inLanguage\":\"en-US\"}]}<\/script>\n<!-- \/ Yoast SEO plugin. -->","yoast_head_json":{"title":"A Propos - WordPress","robots":{"index":"index","follow":"follow","max-snippet":"max-snippet:-1","max-image-preview":"max-image-preview:large","max-video-preview":"max-video-preview:-1"},"canonical":"https:\/\/thecrowsnest.chabanonnorman.fr\/?page_id=12","og_locale":"en_US","og_type":"article","og_title":"A Propos - WordPress","og_description":"The Crow&#8217;s Nest \u00a0 The Crow\u2019s Nest est une collection de Webcomics assez courts illustrant des histoires chacune diff\u00e9rente mais tournant toutes autour du m\u00eame th\u00e8me du myst\u00e8re avec une touche d\u2019horreur. Toutes les histoires sont des m\u00e9langes de plusieurs","og_url":"https:\/\/thecrowsnest.chabanonnorman.fr\/?page_id=12","og_site_name":"WordPress","article_modified_time":"2026-01-05T00:11:46+00:00","og_image":[{"url":"https:\/\/thecrowsnest.chabanonnorman.fr\/wp-content\/uploads\/2026\/01\/MascotteCrowetta-211x300.jpg","type":"","width":"","height":""}],"twitter_card":"summary_large_image","twitter_misc":{"Est. reading time":"1 minute"},"schema":{"@context":"https:\/\/schema.org","@graph":[{"@type":"WebPage","@id":"https:\/\/thecrowsnest.chabanonnorman.fr\/?page_id=12","url":"https:\/\/thecrowsnest.chabanonnorman.fr\/?page_id=12","name":"A Propos - WordPress","isPartOf":{"@id":"https:\/\/thecrowsnest.chabanonnorman.fr\/#website"},"primaryImageOfPage":{"@id":"https:\/\/thecrowsnest.chabanonnorman.fr\/?page_id=12#primaryimage"},"image":{"@id":"https:\/\/thecrowsnest.chabanonnorman.fr\/?page_id=12#primaryimage"},"thumbnailUrl":"https:\/\/thecrowsnest.chabanonnorman.fr\/wp-content\/uploads\/2026\/01\/MascotteCrowetta-211x300.jpg","datePublished":"2025-10-01T14:17:56+00:00","dateModified":"2026-01-05T00:11:46+00:00","breadcrumb":{"@id":"https:\/\/thecrowsnest.chabanonnorman.fr\/?page_id=12#breadcrumb"},"inLanguage":"en-US","potentialAction":[{"@type":"ReadAction","target":["https:\/\/thecrowsnest.chabanonnorman.fr\/?page_id=12"]}]},{"@type":"ImageObject","inLanguage":"en-US","@id":"https:\/\/thecrowsnest.chabanonnorman.fr\/?page_id=12#primaryimage","url":"https:\/\/thecrowsnest.chabanonnorman.fr\/wp-content\/uploads\/2026\/01\/MascotteCrowetta.jpg","contentUrl":"https:\/\/thecrowsnest.chabanonnorman.fr\/wp-content\/uploads\/2026\/01\/MascotteCrowetta.jpg","width":655,"height":932},{"@type":"BreadcrumbList","@id":"https:\/\/thecrowsnest.chabanonnorman.fr\/?page_id=12#breadcrumb","itemListElement":[{"@type":"ListItem","position":1,"name":"Home","item":"https:\/\/thecrowsnest.chabanonnorman.fr\/"},{"@type":"ListItem","position":2,"name":"A Propos"}]},{"@type":"WebSite","@id":"https:\/\/thecrowsnest.chabanonnorman.fr\/#website","url":"https:\/\/thecrowsnest.chabanonnorman.fr\/","name":"WordPress","description":"","potentialAction":[{"@type":"SearchAction","target":{"@type":"EntryPoint","urlTemplate":"https:\/\/thecrowsnest.chabanonnorman.fr\/?s={search_term_string}"},"query-input":{"@type":"PropertyValueSpecification","valueRequired":true,"valueName":"search_term_string"}}],"inLanguage":"en-US"}]}},"_links":{"self":[{"href":"https:\/\/thecrowsnest.chabanonnorman.fr\/index.php?rest_route=\/wp\/v2\/pages\/12","targetHints":{"allow":["GET"]}}],"collection":[{"href":"https:\/\/thecrowsnest.chabanonnorman.fr\/index.php?rest_route=\/wp\/v2\/pages"}],"about":[{"href":"https:\/\/thecrowsnest.chabanonnorman.fr\/index.php?rest_route=\/wp\/v2\/types\/page"}],"author":[{"embeddable":true,"href":"https:\/\/thecrowsnest.chabanonnorman.fr\/index.php?rest_route=\/wp\/v2\/users\/1"}],"replies":[{"embeddable":true,"href":"https:\/\/thecrowsnest.chabanonnorman.fr\/index.php?rest_route=%2Fwp%2Fv2%2Fcomments&post=12"}],"version-history":[{"count":38,"href":"https:\/\/thecrowsnest.chabanonnorman.fr\/index.php?rest_route=\/wp\/v2\/pages\/12\/revisions"}],"predecessor-version":[{"id":544,"href":"https:\/\/thecrowsnest.chabanonnorman.fr\/index.php?rest_route=\/wp\/v2\/pages\/12\/revisions\/544"}],"wp:attachment":[{"href":"https:\/\/thecrowsnest.chabanonnorman.fr\/index.php?rest_route=%2Fwp%2Fv2%2Fmedia&parent=12"}],"curies":[{"name":"wp","href":"https:\/\/api.w.org\/{rel}","templated":true}]}}